{"id":2,"date":"2015-07-06T20:23:20","date_gmt":"2015-07-06T20:23:20","guid":{"rendered":"https:\/\/www.photo-motorsport.com\/?page_id=2"},"modified":"2025-01-14T20:59:25","modified_gmt":"2025-01-14T20:59:25","slug":"about","status":"publish","type":"page","link":"https:\/\/www.photo-motorsport.com\/?page_id=2","title":{"rendered":"O nas"},"content":{"rendered":"<p>Fotografia sport\u00f3w samochodowych to nasza pasja, chcemy przekaza\u0107 to, co umkn\u0119\u0142o Twojemu oku w postaci zdj\u0119cia.<\/p>\n<p>Najwi\u0119kszym naszym zainteresowaniem s\u0105 rajdy samochodowe.<\/p>\n<h3><strong>Mo\u017cesz u nas z\u0142o\u017cy\u0107 zlecenie na zdj\u0119cia z rajdu lub innej imprezy sportowej.<\/strong><\/h3>\n<p><strong>Skontaktuj si\u0119 z nami<\/strong> <strong>-Ceny s\u0105 ustalane indywidualnie&nbsp;<br \/>\n<\/strong><\/p>\n<p>Firma PhotoMS Media Agency jest zarejestrowana w Szwecji<\/p>\n<p>Na co dzie\u0144 te\u017c wsp\u00f3\u0142pracujemy TG MotorPhoto<\/p>\n<p>&nbsp;<\/p>\n<p><strong>Sweden &#8211; H\u00f6\u00f6r<\/strong><\/p>\n<p><strong><em>Adam Owczarek &#8211; fotograf<br \/>\n<\/em><\/strong><\/p>\n<p><strong><em>Magdalena Dworak &#8211; fotograf \/ grafik<br \/>\n<\/em><\/strong><\/p>\n<p><em><strong>Tony Guerra &#8211; fotograf<\/strong><\/em><\/p>\n<p><em><strong>Goretti Marrero &#8211; fotograf \/ grafik<\/strong><\/em><\/p>\n<h1 class=\"html-h1 xdj266r x11i5rnm xat24cr x1mh8g0r xexx8yu x4uap5 x18d9i69 xkhd6sd x1vvkbs x1heor9g x1qlqyl8 x1pd3egz x1a2a7pz\">&nbsp;<\/h1>\n","protected":false},"excerpt":{"rendered":"<p>Fotografia sport\u00f3w samochodowych to nasza pasja, chcemy przekaza\u0107 to, co umkn\u0119\u0142o Twojemu oku w postaci zdj\u0119cia. Najwi\u0119kszym naszym zainteresowaniem s\u0105&#8230; <\/p>\n","protected":false},"author":1,"featured_media":0,"parent":0,"menu_order":0,"comment_status":"closed","ping_status":"closed","template":"","meta":{"ngg_post_thumbnail":0,"footnotes":""},"class_list":["post-2","page","type-page","status-publish","hentry"],"_links":{"self":[{"href":"https:\/\/www.photo-motorsport.com\/index.php?rest_route=\/wp\/v2\/pages\/2","targetHints":{"allow":["GET"]}}],"collection":[{"href":"https:\/\/www.photo-motorsport.com\/index.php?rest_route=\/wp\/v2\/pages"}],"about":[{"href":"https:\/\/www.photo-motorsport.com\/index.php?rest_route=\/wp\/v2\/types\/page"}],"author":[{"embeddable":true,"href":"https:\/\/www.photo-motorsport.com\/index.php?rest_route=\/wp\/v2\/users\/1"}],"replies":[{"embeddable":true,"href":"https:\/\/www.photo-motorsport.com\/index.php?rest_route=%2Fwp%2Fv2%2Fcomments&post=2"}],"version-history":[{"count":27,"href":"https:\/\/www.photo-motorsport.com\/index.php?rest_route=\/wp\/v2\/pages\/2\/revisions"}],"predecessor-version":[{"id":18972,"href":"https:\/\/www.photo-motorsport.com\/index.php?rest_route=\/wp\/v2\/pages\/2\/revisions\/18972"}],"wp:attachment":[{"href":"https:\/\/www.photo-motorsport.com\/index.php?rest_route=%2Fwp%2Fv2%2Fmedia&parent=2"}],"curies":[{"name":"wp","href":"https:\/\/api.w.org\/{rel}","templated":true}]}}